{"id":37,"date":"2021-11-04T11:51:24","date_gmt":"2021-11-04T14:51:24","guid":{"rendered":"https:\/\/marmoimp.com.br\/?page_id=37"},"modified":"2021-11-10T10:45:39","modified_gmt":"2021-11-10T13:45:39","slug":"politica-de-privacidade","status":"publish","type":"page","link":"https:\/\/marmoimp.com.br\/index.php\/politica-de-privacidade\/","title":{"rendered":"Pol\u00edtica de privacidade"},"content":{"rendered":"\t\t<div data-elementor-type=\"wp-page\" data-elementor-id=\"37\" class=\"elementor elementor-37\">\n\t\t\t\t\t\t\t\t\t<section class=\"elementor-section elementor-top-section elementor-element elementor-element-7386867a elementor-section-boxed elementor-section-height-default elementor-section-height-default\" data-id=\"7386867a\" data-element_type=\"section\">\n\t\t\t\t\t\t<div class=\"elementor-container elementor-column-gap-default\">\n\t\t\t\t\t<div class=\"elementor-column elementor-col-100 elementor-top-column elementor-element elementor-element-52980754\" data-id=\"52980754\" data-element_type=\"column\">\n\t\t\t<div class=\"elementor-widget-wrap elementor-element-populated\">\n\t\t\t\t\t\t\t\t<div class=\"elementor-element elementor-element-4cb887f9 elementor-absolute elementor-widget elementor-widget-heading\" data-id=\"4cb887f9\" data-element_type=\"widget\" data-settings=\"{&quot;_position&quot;:&quot;absolute&quot;}\" data-widget_type=\"heading.default\">\n\t\t\t\t<div class=\"elementor-widget-container\">\n\t\t\t<style>\/*! elementor - v3.11.3 - 07-03-2023 *\/\n.elementor-heading-title{padding:0;margin:0;line-height:1}.elementor-widget-heading .elementor-heading-title[class*=elementor-size-]>a{color:inherit;font-size:inherit;line-height:inherit}.elementor-widget-heading .elementor-heading-title.elementor-size-small{font-size:15px}.elementor-widget-heading .elementor-heading-title.elementor-size-medium{font-size:19px}.elementor-widget-heading .elementor-heading-title.elementor-size-large{font-size:29px}.elementor-widget-heading .elementor-heading-title.elementor-size-xl{font-size:39px}.elementor-widget-heading .elementor-heading-title.elementor-size-xxl{font-size:59px}<\/style><h2 class=\"elementor-heading-title elementor-size-default\">Pol\u00edtica de privacidade<\/h2>\t\t<\/div>\n\t\t\t\t<\/div>\n\t\t\t\t\t<\/div>\n\t\t<\/div>\n\t\t\t\t\t\t\t<\/div>\n\t\t<\/section>\n\t\t\t\t<section class=\"elementor-section elementor-top-section elementor-element elementor-element-272ae6dd elementor-section-boxed elementor-section-height-default elementor-section-height-default\" data-id=\"272ae6dd\" data-element_type=\"section\">\n\t\t\t\t\t\t<div class=\"elementor-container elementor-column-gap-default\">\n\t\t\t\t\t<div class=\"elementor-column elementor-col-100 elementor-top-column elementor-element elementor-element-6d3fdbf\" data-id=\"6d3fdbf\" data-element_type=\"column\">\n\t\t\t<div class=\"elementor-widget-wrap elementor-element-populated\">\n\t\t\t\t\t\t\t\t<div class=\"elementor-element elementor-element-4f436707 elementor-widget elementor-widget-spacer\" data-id=\"4f436707\" data-element_type=\"widget\" data-widget_type=\"spacer.default\">\n\t\t\t\t<div class=\"elementor-widget-container\">\n\t\t\t<style>\/*! elementor - v3.11.3 - 07-03-2023 *\/\n.elementor-column .elementor-spacer-inner{height:var(--spacer-size)}.e-con{--container-widget-width:100%}.e-con-inner>.elementor-widget-spacer,.e-con>.elementor-widget-spacer{width:var(--container-widget-width,var(--spacer-size));--align-self:var(--container-widget-align-self,initial);--flex-shrink:0}.e-con-inner>.elementor-widget-spacer>.elementor-widget-container,.e-con-inner>.elementor-widget-spacer>.elementor-widget-container>.elementor-spacer,.e-con>.elementor-widget-spacer>.elementor-widget-container,.e-con>.elementor-widget-spacer>.elementor-widget-container>.elementor-spacer{height:100%}.e-con-inner>.elementor-widget-spacer>.elementor-widget-container>.elementor-spacer>.elementor-spacer-inner,.e-con>.elementor-widget-spacer>.elementor-widget-container>.elementor-spacer>.elementor-spacer-inner{height:var(--container-widget-height,var(--spacer-size))}<\/style>\t\t<div class=\"elementor-spacer\">\n\t\t\t<div class=\"elementor-spacer-inner\"><\/div>\n\t\t<\/div>\n\t\t\t\t<\/div>\n\t\t\t\t<\/div>\n\t\t\t\t<div class=\"elementor-element elementor-element-98eb62d elementor-widget elementor-widget-spacer\" data-id=\"98eb62d\" data-element_type=\"widget\" data-widget_type=\"spacer.default\">\n\t\t\t\t<div class=\"elementor-widget-container\">\n\t\t\t\t\t<div class=\"elementor-spacer\">\n\t\t\t<div class=\"elementor-spacer-inner\"><\/div>\n\t\t<\/div>\n\t\t\t\t<\/div>\n\t\t\t\t<\/div>\n\t\t\t\t<div class=\"elementor-element elementor-element-7395d42a elementor-widget elementor-widget-text-editor\" data-id=\"7395d42a\" data-element_type=\"widget\" data-widget_type=\"text-editor.default\">\n\t\t\t\t<div class=\"elementor-widget-container\">\n\t\t\t<style>\/*! elementor - v3.11.3 - 07-03-2023 *\/\n.elementor-widget-text-editor.elementor-drop-cap-view-stacked .elementor-drop-cap{background-color:#818a91;color:#fff}.elementor-widget-text-editor.elementor-drop-cap-view-framed .elementor-drop-cap{color:#818a91;border:3px solid;background-color:transparent}.elementor-widget-text-editor:not(.elementor-drop-cap-view-default) .elementor-drop-cap{margin-top:8px}.elementor-widget-text-editor:not(.elementor-drop-cap-view-default) .elementor-drop-cap-letter{width:1em;height:1em}.elementor-widget-text-editor .elementor-drop-cap{float:left;text-align:center;line-height:1;font-size:50px}.elementor-widget-text-editor .elementor-drop-cap-letter{display:inline-block}<\/style>\t\t\t\t<div data-id=\"59e5862\" data-element_type=\"widget\" data-widget_type=\"heading.default\"><h4><span style=\"color: #1f1616;\">Quem Somos<\/span><\/h4><\/div><p><span style=\"font-size: 16px; font-family: var(--global--font-secondary);\">O endere\u00e7o do nosso site \u00e9: <span style=\"color: #000080;\"><a style=\"color: #000080;\" href=\"https:\/\/marmoimp.com.br\/\">https:\/\/marmoimp.com.br\/<\/a><\/span><\/span><\/p><div><div data-elementor-type=\"wp-page\" data-elementor-id=\"1212\" data-elementor-settings=\"[]\"><div><div><section data-id=\"42e80cd\" data-element_type=\"section\"><div><div><div data-id=\"92fb4d3\" data-element_type=\"column\"><div><div><div data-id=\"59e5862\" data-element_type=\"widget\" data-widget_type=\"heading.default\"><div><h4>Quais dados pessoais coletamos e porque<\/h4><\/div><\/div><div data-id=\"e14c7e4\" data-element_type=\"widget\" data-widget_type=\"heading.default\"><div><h4>Coment\u00e1rios<\/h4><\/div><\/div><div data-id=\"247c60c\" data-element_type=\"widget\" data-widget_type=\"text-editor.default\"><div><div><p>Quando os visitantes deixam coment\u00e1rios no site, coletamos os dados mostrados no formul\u00e1rio de coment\u00e1rios, al\u00e9m do endere\u00e7o de IP e de dados do navegador do visitante, para auxiliar na detec\u00e7\u00e3o de spam.<\/p><p>Uma sequ\u00eancia anonimizada de caracteres criada a partir do seu e-mail (tamb\u00e9m chamada de hash) poder\u00e1 ser enviada para o Gravatar para verificar se voc\u00ea usa o servi\u00e7o. A pol\u00edtica de privacidade do Gravatar est\u00e1 dispon\u00edvel aqui: https:\/\/automattic.com\/privacy\/. Depois da aprova\u00e7\u00e3o do seu coment\u00e1rio, a foto do seu perfil fica vis\u00edvel publicamente junto de seu coment\u00e1rio.<\/p><\/div><\/div><\/div><div data-id=\"2ac6c9e\" data-element_type=\"widget\" data-widget_type=\"heading.default\"><div><h4>Formul\u00e1rios de contato<\/h4><\/div><\/div><div data-id=\"151a090\" data-element_type=\"widget\" data-widget_type=\"text-editor.default\"><div><div><p>Nos formul\u00e1rios de contato, coletamos e mantemos as informa\u00e7\u00f5es: Nome, e-mail, telefone e nome da empresa, para efetuar o atendimento ao consumidor.<\/p><p>Newslatter<\/p><p>O formul\u00e1rio de Newslatter enviar nome e endere\u00e7o de e-mail, no qual armazenamos para enviar campanhas de e-mail marketing. Ao Assinar uma newslatter, voc\u00ea nos permite enviar de e-mails informativos e de ofertas.<\/p><\/div><\/div><\/div><div data-id=\"d6e632f\" data-element_type=\"widget\" data-widget_type=\"heading.default\"><div><h3>\u00a0<\/h3><h4><span style=\"color: #1f1616;\">Cookies<\/span><\/h4><\/div><\/div><div data-id=\"a62c1a9\" data-element_type=\"widget\" data-widget_type=\"text-editor.default\"><div><div><p>N\u00f3s utilizamos cookies. Cookies s\u00e3o pequenos arquivos de textos simples que sites armazenam em seu navegador para salvar suas prefer\u00eancias e configura\u00e7\u00f5es. Por exemplo, quando voc\u00ea acessa um site pela primeira vez, que faz uso de cookies, este site envia um arquivo de texto com suas prefer\u00eancias para o seu navegador, como: Regi\u00e3o de onde voc\u00ea est\u00e1 acessando, seu endere\u00e7o de e-mail, idioma escolhido, cores, produtos que voc\u00ea poder\u00e1 gostar com base em suas pesquisas, e etc.\u00a0 Quando voc\u00ea acessar o site novamente, seu navegador ir\u00e1 enviar este arquivo para o site, desta forma as suas configura\u00e7\u00f5es e prefer\u00eancias ser\u00e3o aplicadas automaticamente sem que voc\u00ea precise configurar tudo de novo (a menos que voc\u00ea queira).<\/p><p>Ao deixar um coment\u00e1rio no site, voc\u00ea poder\u00e1 optar por salvar seu nome, e-mail e site nos cookies. Isso visa seu conforto, assim voc\u00ea n\u00e3o precisar\u00e1 preencher seus dados novamente quando fizer outro coment\u00e1rio. Estes cookies duram um ano.<\/p><p>Se voc\u00ea tem uma conta e acessa este site, um cookie tempor\u00e1rio ser\u00e1 criado para determinar se seu navegador aceita cookies. Ele n\u00e3o cont\u00e9m nenhum dado pessoal e ser\u00e1 descartado quando voc\u00ea fechar seu navegador.<\/p><p>Quando voc\u00ea acessa sua conta no site, tamb\u00e9m criamos v\u00e1rios cookies para salvar os dados da sua conta e suas escolhas de exibi\u00e7\u00e3o de tela. Cookies de login s\u00e3o mantidos por dois dias e cookies de op\u00e7\u00f5es de tela por um ano. Se voc\u00ea selecionar \u201cLembrar-me\u201d, seu acesso ser\u00e1 mantido por duas semanas. Se voc\u00ea se desconectar da sua conta, os cookies de login ser\u00e3o removidos.<\/p><p>Se voc\u00ea editar ou publicar um artigo, um cookie adicional ser\u00e1 salvo no seu navegador. Este cookie n\u00e3o inclui nenhum dado pessoal e simplesmente indica o ID do post referente ao artigo que voc\u00ea acabou de editar. Ele expira depois de 1 dia.<\/p><p>Tipos de cookies que usamos<\/p><p>Essencial: Alguns cookies s\u00e3o essenciais para que voc\u00ea possa experimentar todas as funcionalidades do nosso site. Eles nos permitem manter as sess\u00f5es do usu\u00e1rio e prevenir quaisquer amea\u00e7as \u00e0 seguran\u00e7a. Eles n\u00e3o coletam ou armazenam nenhuma informa\u00e7\u00e3o pessoal. Por exemplo, esses cookies permitem que voc\u00ea fa\u00e7a login em sua conta e adicione produtos \u00e0 sua cesta e finalize a compra com seguran\u00e7a.<\/p><p>Estat\u00edsticas: Esses cookies armazenam informa\u00e7\u00f5es como o n\u00famero de visitantes do site, o n\u00famero de visitantes \u00fanicos, quais p\u00e1ginas do site foram visitadas, a origem da visita, etc. Esses dados nos ajudam a compreender e analisar o desempenho do site e onde precisa de melhorias. Utilizamos o Cookie do Google para gerar esses relat\u00f3rio no Google Analytics.<\/p><p>Marketing: Nosso site exibe an\u00fancios. Esses cookies s\u00e3o usados para personalizar os an\u00fancios que mostramos a voc\u00ea para que sejam significativos para voc\u00ea. Esses cookies tamb\u00e9m nos ajudam a acompanhar a efici\u00eancia dessas campanhas publicit\u00e1rias.<\/p><p>As informa\u00e7\u00f5es armazenadas nesses cookies tamb\u00e9m podem ser usadas por provedores de an\u00fancios de terceiros para exibir an\u00fancios em outros sites no navegador tamb\u00e9m.<\/p><p>Funcionais: s\u00e3o os cookies que auxiliam certas funcionalidades n\u00e3o essenciais do nosso site. Essas funcionalidades incluem a incorpora\u00e7\u00e3o de conte\u00fado como v\u00eddeos ou o compartilhamento de conte\u00fado no site em plataformas de m\u00eddia social.<\/p><\/div><\/div><\/div><div data-id=\"7802c7f\" data-element_type=\"widget\" data-widget_type=\"heading.default\"><div><h3>\u00a0<\/h3><h4><span style=\"color: #1f1616;\">M\u00eddia incorporada de outros sites<\/span><\/h4><\/div><\/div><div data-id=\"a74cb68\" data-element_type=\"widget\" data-widget_type=\"text-editor.default\"><div><div><p>Artigos neste site podem incluir conte\u00fado incorporado como, por exemplo, v\u00eddeos, imagens, artigos, etc. Conte\u00fados incorporados de outros sites se comportam exatamente da mesma forma como se o visitante estivesse visitando o outro site.<\/p><p>Estes sites podem coletar dados sobre voc\u00ea, usar cookies, incorporar rastreamento adicional de terceiros e monitorar sua intera\u00e7\u00e3o com este conte\u00fado incorporado, incluindo sua intera\u00e7\u00e3o com o conte\u00fado incorporado se voc\u00ea tem uma conta e est\u00e1 conectado com o site.<\/p><\/div><\/div><\/div><div data-id=\"0567079\" data-element_type=\"widget\" data-widget_type=\"heading.default\"><div><h3>\u00a0<\/h3><h4><span style=\"color: #1f1616;\">Com quem partilhamos seus dados<\/span><\/h4><\/div><\/div><div data-id=\"5875edd\" data-element_type=\"widget\" data-widget_type=\"text-editor.default\"><div><div><p>N\u00e3o compartilhamos seus dados com terceiros.<\/p><\/div><\/div><\/div><div data-id=\"a2fc197\" data-element_type=\"widget\" data-widget_type=\"heading.default\"><div><h4><span style=\"color: #1f1616;\">Por quanto tempo mantemos os seus dados<\/span><\/h4><\/div><\/div><div data-id=\"afa85b7\" data-element_type=\"widget\" data-widget_type=\"text-editor.default\"><div><div><p>Se voc\u00ea deixar um coment\u00e1rio, o coment\u00e1rio e os seus metadados s\u00e3o conservados indefinidamente. Fazemos isso para que seja poss\u00edvel reconhecer e aprovar automaticamente qualquer coment\u00e1rio posterior ao inv\u00e9s de ret\u00ea-lo para modera\u00e7\u00e3o.<\/p><p>Para usu\u00e1rios que se registram no nosso site (se houver), tamb\u00e9m guardamos as informa\u00e7\u00f5es pessoais que fornecem no seu perfil de usu\u00e1rio. Todos os usu\u00e1rios podem ver, editar ou excluir suas informa\u00e7\u00f5es pessoais a qualquer momento (s\u00f3 n\u00e3o \u00e9 poss\u00edvel alterar o seu username). Os administradores de sites tamb\u00e9m podem ver e editar estas informa\u00e7\u00f5es.<\/p><\/div><\/div><\/div><div data-id=\"a8f620a\" data-element_type=\"widget\" data-widget_type=\"heading.default\"><div><h4><span style=\"color: #1f1616;\">Quais os seus direitos sobre seus dados<\/span><\/h4><\/div><\/div><div data-id=\"515351a\" data-element_type=\"widget\" data-widget_type=\"text-editor.default\"><div><div><p>Se voc\u00ea tiver uma conta neste site ou se tiver deixado coment\u00e1rios, pode solicitar um arquivo exportado dos dados pessoais que mantemos sobre voc\u00ea, inclusive quaisquer dados que nos tenha fornecido. Tamb\u00e9m pode solicitar que removamos qualquer dado pessoal que mantemos sobre voc\u00ea. Isto n\u00e3o inclui nenhuns dados que somos obrigados a manter para prop\u00f3sitos administrativos, legais ou de seguran\u00e7a. Para solicitar, basta enviar um e-mail para marmoimp@gmail.com que retornaremos em at\u00e9 28 dias.<\/p><\/div><\/div><\/div><div data-id=\"4a0c7be\" data-element_type=\"widget\" data-widget_type=\"heading.default\"><div><h3>\u00a0<\/h3><h4><span style=\"color: #1f1616;\">Para onde enviamos seus dados<\/span><\/h4><\/div><\/div><div data-id=\"b76459c\" data-element_type=\"widget\" data-widget_type=\"text-editor.default\"><div><div><p>Coment\u00e1rios de visitantes podem ser marcados por um servi\u00e7o autom\u00e1tico de detec\u00e7\u00e3o de spam.<\/p><\/div><\/div><\/div><div data-id=\"83813d8\" data-element_type=\"widget\" data-widget_type=\"heading.default\"><div><h3>\u00a0<\/h3><h4><span style=\"color: #1f1616;\">Suas informa\u00e7\u00f5es de contato<\/span><\/h4><\/div><\/div><div data-id=\"f7afc5d\" data-element_type=\"widget\" data-widget_type=\"text-editor.default\"><div><div><p>Para solicitar altera\u00e7\u00e3o, remo\u00e7\u00e3o ou c\u00f3pia dos seus dados pessoais, basta enviar um e-mail para marmoimp@gmail.com que retornaremos em at\u00e9 28 dias.<\/p><\/div><\/div><\/div><div data-id=\"ac25536\" data-element_type=\"widget\" data-widget_type=\"heading.default\"><div><h4><span style=\"color: #1f1616;\">Como protegemos seus dados<\/span><\/h4><\/div><\/div><div data-id=\"f160b82\" data-element_type=\"widget\" data-widget_type=\"text-editor.default\"><div><div><p>Fique tranquilo(a)! Suas informa\u00e7\u00f5es est\u00e3o seguras! Nosso site possui certificado SSL (site Seguro) para voc\u00ea navegar, processar e enviar informa\u00e7\u00f5es com seguran\u00e7a.<\/p><\/div><\/div><\/div><\/div><\/div><\/div><\/div><\/div><\/section><\/div><\/div><\/div><\/div>\t\t\t\t\t\t<\/div>\n\t\t\t\t<\/div>\n\t\t\t\t<div class=\"elementor-element elementor-element-5834177c elementor-widget elementor-widget-text-editor\" data-id=\"5834177c\" data-element_type=\"widget\" data-widget_type=\"text-editor.default\">\n\t\t\t\t<div class=\"elementor-widget-container\">\n\t\t\t\t\t\t\t<p><em>Nos reservamos o direito de atualizar estes termos e condi\u00e7\u00f5es de uso sem qualquer aviso pr\u00e9vio.<\/em><\/p>\t\t\t\t\t\t<\/div>\n\t\t\t\t<\/div>\n\t\t\t\t\t<\/div>\n\t\t<\/div>\n\t\t\t\t\t\t\t<\/div>\n\t\t<\/section>\n\t\t\t\t\t\t\t<\/div>\n\t\t","protected":false},"excerpt":{"rendered":"<p>Pol\u00edtica de privacidade Quem Somos O endere\u00e7o do nosso site \u00e9: https:\/\/marmoimp.com.br\/ Quais dados pessoais coletamos e porque Coment\u00e1rios Quando os visitantes deixam coment\u00e1rios no site, coletamos os dados mostrados no formul\u00e1rio de coment\u00e1rios, al\u00e9m do endere\u00e7o de IP e de dados do navegador do visitante, para auxiliar na detec\u00e7\u00e3o de spam. Uma sequ\u00eancia anonimizada&hellip; <a class=\"more-link\" href=\"https:\/\/marmoimp.com.br\/index.php\/politica-de-privacidade\/\">Continuar lendo <span class=\"screen-reader-text\">Pol\u00edtica de privacidade<\/span><\/a><\/p>\n","protected":false},"author":1,"featured_media":0,"parent":0,"menu_order":0,"comment_status":"closed","ping_status":"closed","template":"elementor_header_footer","meta":{"_joinchat":[]},"aioseo_notices":[],"_links":{"self":[{"href":"https:\/\/marmoimp.com.br\/index.php\/wp-json\/wp\/v2\/pages\/37"}],"collection":[{"href":"https:\/\/marmoimp.com.br\/index.php\/wp-json\/wp\/v2\/pages"}],"about":[{"href":"https:\/\/marmoimp.com.br\/index.php\/wp-json\/wp\/v2\/types\/page"}],"author":[{"embeddable":true,"href":"https:\/\/marmoimp.com.br\/index.php\/wp-json\/wp\/v2\/users\/1"}],"replies":[{"embeddable":true,"href":"https:\/\/marmoimp.com.br\/index.php\/wp-json\/wp\/v2\/comments?post=37"}],"version-history":[{"count":40,"href":"https:\/\/marmoimp.com.br\/index.php\/wp-json\/wp\/v2\/pages\/37\/revisions"}],"predecessor-version":[{"id":860,"href":"https:\/\/marmoimp.com.br\/index.php\/wp-json\/wp\/v2\/pages\/37\/revisions\/860"}],"wp:attachment":[{"href":"https:\/\/marmoimp.com.br\/index.php\/wp-json\/wp\/v2\/media?parent=37"}],"curies":[{"name":"wp","href":"https:\/\/api.w.org\/{rel}","templated":true}]}}